{"id":1294,"date":"2020-12-06T12:25:36","date_gmt":"2020-12-06T11:25:36","guid":{"rendered":"http:\/\/dancevision.info\/2021\/?page_id=1294"},"modified":"2025-06-20T16:17:00","modified_gmt":"2025-06-20T14:17:00","slug":"datenschutz","status":"publish","type":"page","link":"https:\/\/dancevision.info\/2021\/datenschutz\/","title":{"rendered":"datenschutz"},"content":{"rendered":"\t\t<div data-elementor-type=\"wp-page\" data-elementor-id=\"1294\" class=\"elementor elementor-1294\" data-elementor-post-type=\"page\">\n\t\t\t\t\t\t<section class=\"elementor-section elementor-top-section elementor-element elementor-element-15b081e3 elementor-section-height-min-height elementor-section-boxed elementor-section-height-default elementor-section-items-middle\" data-id=\"15b081e3\" data-element_type=\"section\" data-e-type=\"section\" data-settings=\"{&quot;background_background&quot;:&quot;classic&quot;,&quot;sticky&quot;:&quot;top&quot;,&quot;sticky_on&quot;:[&quot;desktop&quot;,&quot;tablet&quot;,&quot;mobile&quot;],&quot;sticky_offset&quot;:0,&quot;sticky_effects_offset&quot;:0,&quot;sticky_anchor_link_offset&quot;:0}\">\n\t\t\t\t\t\t<div class=\"elementor-container elementor-column-gap-default\">\n\t\t\t\t\t<div class=\"elementor-column elementor-col-50 elementor-top-column elementor-element elementor-element-919e5b2\" data-id=\"919e5b2\" data-element_type=\"column\" data-e-type=\"column\">\n\t\t\t<div class=\"elementor-widget-wrap elementor-element-populated\">\n\t\t\t\t\t\t<div class=\"elementor-element elementor-element-832c25b elementor-align-right elementor-mobile-align-right elementor-widget elementor-widget-button\" data-id=\"832c25b\" data-element_type=\"widget\" data-e-type=\"widget\" data-widget_type=\"button.default\">\n\t\t\t\t<div class=\"elementor-widget-container\">\n\t\t\t\t\t\t\t\t\t<div class=\"elementor-button-wrapper\">\n\t\t\t\t\t<a class=\"elementor-button elementor-button-link elementor-size-sm\" href=\"https:\/\/dancevision.info\/2021\/\">\n\t\t\t\t\t\t<span class=\"elementor-button-content-wrapper\">\n\t\t\t\t\t\t\t\t\t<span class=\"elementor-button-text\">Datenschutzerkl\u00e4rung<\/span>\n\t\t\t\t\t<\/span>\n\t\t\t\t\t<\/a>\n\t\t\t\t<\/div>\n\t\t\t\t\t\t\t\t<\/div>\n\t\t\t\t<\/div>\n\t\t\t\t\t<\/div>\n\t\t<\/div>\n\t\t\t\t<div class=\"elementor-column elementor-col-50 elementor-top-column elementor-element elementor-element-afb0c9b\" data-id=\"afb0c9b\" data-element_type=\"column\" data-e-type=\"column\">\n\t\t\t<div class=\"elementor-widget-wrap elementor-element-populated\">\n\t\t\t\t\t\t<div class=\"elementor-element elementor-element-2a6587f elementor-align-right elementor-widget elementor-widget-button\" data-id=\"2a6587f\" data-element_type=\"widget\" data-e-type=\"widget\" data-widget_type=\"button.default\">\n\t\t\t\t<div class=\"elementor-widget-container\">\n\t\t\t\t\t\t\t\t\t<div class=\"elementor-button-wrapper\">\n\t\t\t\t\t<a class=\"elementor-button elementor-button-link elementor-size-sm\" href=\"https:\/\/dancevision.info\/2021\/\">\n\t\t\t\t\t\t<span class=\"elementor-button-content-wrapper\">\n\t\t\t\t\t\t<span class=\"elementor-button-icon\">\n\t\t\t\t<i aria-hidden=\"true\" class=\"fas fa-arrow-right\"><\/i>\t\t\t<\/span>\n\t\t\t\t\t\t\t\t\t<span class=\"elementor-button-text\">ZUR\u00dcCK <\/span>\n\t\t\t\t\t<\/span>\n\t\t\t\t\t<\/a>\n\t\t\t\t<\/div>\n\t\t\t\t\t\t\t\t<\/div>\n\t\t\t\t<\/div>\n\t\t\t\t\t<\/div>\n\t\t<\/div>\n\t\t\t\t\t<\/div>\n\t\t<\/section>\n\t\t\t\t<section class=\"elementor-section elementor-top-section elementor-element elementor-element-5ec2237 elementor-section-boxed elementor-section-height-default elementor-section-height-default\" data-id=\"5ec2237\" data-element_type=\"section\" data-e-type=\"section\">\n\t\t\t\t\t\t<div class=\"elementor-container elementor-column-gap-default\">\n\t\t\t\t\t<div class=\"elementor-column elementor-col-100 elementor-top-column elementor-element elementor-element-c43eed5\" data-id=\"c43eed5\" data-element_type=\"column\" data-e-type=\"column\">\n\t\t\t<div class=\"elementor-widget-wrap elementor-element-populated\">\n\t\t\t\t\t\t<div class=\"elementor-element elementor-element-7589cdd elementor-widget elementor-widget-spacer\" data-id=\"7589cdd\" data-element_type=\"widget\" data-e-type=\"widget\" data-widget_type=\"spacer.default\">\n\t\t\t\t<div class=\"elementor-widget-container\">\n\t\t\t\t\t\t\t<div class=\"elementor-spacer\">\n\t\t\t<div class=\"elementor-spacer-inner\"><\/div>\n\t\t<\/div>\n\t\t\t\t\t\t<\/div>\n\t\t\t\t<\/div>\n\t\t\t\t\t<\/div>\n\t\t<\/div>\n\t\t\t\t\t<\/div>\n\t\t<\/section>\n\t\t\t\t<section class=\"elementor-section elementor-top-section elementor-element elementor-element-3716403 elementor-section-boxed elementor-section-height-default elementor-section-height-default\" data-id=\"3716403\" data-element_type=\"section\" data-e-type=\"section\">\n\t\t\t\t\t\t<div class=\"elementor-container elementor-column-gap-default\">\n\t\t\t\t\t<div class=\"elementor-column elementor-col-100 elementor-top-column elementor-element elementor-element-cbd9feb\" data-id=\"cbd9feb\" data-element_type=\"column\" data-e-type=\"column\">\n\t\t\t<div class=\"elementor-widget-wrap elementor-element-populated\">\n\t\t\t\t\t\t<div class=\"elementor-element elementor-element-15c0d5d elementor-widget elementor-widget-text-editor\" data-id=\"15c0d5d\" data-element_type=\"widget\" data-e-type=\"widget\" data-widget_type=\"text-editor.default\">\n\t\t\t\t<div class=\"elementor-widget-container\">\n\t\t\t\t\t\t\t\t\t<p><span class=\"xr_tl xr_s5\">Allgemeiner Hinweis<\/span><span class=\"xr_tj\">Die Nutzung unserer Webseite ist in der Regel ohne eine Angabe personenbezogener Daten m\u00f6glich. Soweit auf&nbsp;<\/span><span class=\"xr_tj\">unseren Seiten personenbezogene Daten (beispielsweise Name, Anschrift oder E-Mail-Adresse) erhoben&nbsp;<\/span><span class=\"xr_tj\">werden, erfolgt dies &#8211; soweit es m\u00f6glich ist- immer auf freiwilliger Basis. Wir geben Ihre Daten ohne Ihre&nbsp;<\/span><span class=\"xr_tj\">ausdr\u00fcckliche Zustimmung nicht an Dritte weiter. Au\u00dferdem weisen wir Sie darauf hin, dass die&nbsp;<\/span><span class=\"xr_tj\">Daten\u00fcbertragung im Internet (wie beispielsweise bei der Kommunikation \u00fcber E-Mail) Sicherheitsl\u00fccken&nbsp;<\/span><span class=\"xr_tl\">aufweisen kann. Denn ein l\u00fcckenloser Schutz der Daten vor dem Zugriff <\/span><span class=\"xr_tl\">durch Dritte ist nicht m\u00f6glich.<\/span><\/p>\n<p><strong><span class=\"xr_tj xr_s5\">Kontaktformular<\/span><\/strong><\/p>\n<p><span class=\"xr_tj\">Per Kontaktformular \u00fcbermittelte Daten werden einschlie\u00dflich Ihrer Kontaktdaten gespeichert, um Ihre Anfrage&nbsp;<\/span><span class=\"xr_tj\">bearbeiten zu k\u00f6nnen oder um f\u00fcr Anschlussfragen bereitzustehen. Eine Weitergabe dieser Daten findet ohne&nbsp;<\/span><span class=\"xr_tj\">Ihre Einwilligung nicht statt.&nbsp;<\/span><\/p>\n<p><span class=\"xr_tj\">Die Verarbeitung der in das Kontaktformular eingegebenen Daten erfolgt ausschlie\u00dflich auf Grundlage Ihrer&nbsp;<\/span><span class=\"xr_tj\">Einwilligung (Art. 6 Abs. 1 lit. a DSGVO). Ein Widerruf Ihrer bereits erteilten Einwilligung ist jederzeit m\u00f6glich. F\u00fcr&nbsp;<\/span><span class=\"xr_tj\">den Widerruf gen\u00fcgt eine formlose Mitteilung per E-Mail. Die Rechtm\u00e4\u00dfigkeit der bis zum Widerruf erfolgten&nbsp;<\/span><span class=\"xr_tl\">Datenverarbeitungsvorg\u00e4nge bleibt vom Widerruf unber\u00fchrt.<\/span><\/p>\n<p><span class=\"xr_tj\">\u00dcber das Kontaktformular \u00fcbermittelte Daten verbleiben bei uns, bis Sie uns zur L\u00f6schung auffordern, Ihre&nbsp;<\/span><span class=\"xr_tj\">Einwilligung zur Speicherung widerrufen oder keine Notwendigkeit der Datenspeicherung mehr besteht. <\/span><span class=\"xr_tl\">Zwingende gesetzliche Bestimmungen &#8211; insbesondere Aufbewahrungsfristen &#8211; bleiben unber\u00fchrt.<\/span><\/p>\n<p><strong><span class=\"xr_tl xr_s5\">Server-Log-Dateien<\/span><\/strong><\/p>\n<p><span class=\"xr_tj\">In Server-Log-Dateien erhebt und speichert der Provider unserer Website automatisch Informationen, die Ihr&nbsp;<\/span><span class=\"xr_tj\">Browser automatisch \u00fcbermittelt. <\/span><\/p>\n<p><span class=\"xr_tl\">Dies sind:<\/span><\/p>\n<p><span class=\"xr_tj\">&#8211; Browsertyp und Browserversion<\/span><\/p>\n<p><span class=\"xr_tj\">&nbsp;<\/span><span class=\"xr_tl\">&#8211; Verwendetes Betriebssystem<\/span><\/p>\n<p><span class=\"xr_tl\">&#8211; Referrer URL<\/span><\/p>\n<p><span class=\"xr_tl\">&#8211; Hostname des zugreifenden Rechners<\/span><\/p>\n<p><span class=\"xr_tl\">&#8211; Uhrzeit der Serveranfrage<\/span><\/p>\n<p><span class=\"xr_tj\">&#8211; IP-Adresse<\/span><\/p>\n<p><span class=\"xr_tj\">Es findet keine Zusammenf\u00fchrung dieser Daten mit anderen Datenquellen statt. Grundlage der&nbsp;<\/span><span class=\"xr_tj\">Datenverarbeitung bildet Art. 6 Abs. 1 lit. b DSGVO, der die Verarbeitung von Daten zur Erf\u00fcllung eines Vertrags&nbsp;<\/span><span class=\"xr_tl\">oder vorvertraglicher Ma\u00dfnahmen gestattet.<\/span><\/p>\n<p><strong><span class=\"xr_tl xr_s5\">Datenschutzerkl\u00e4rung Google Maps<\/span><\/strong><\/p>\n<p><span class=\"xr_tj\">Diese Webseite verwendet das Produkt Google Maps von Google Inc. Durch Nutzung dieser Webseite erkl\u00e4ren&nbsp;<\/span><span class=\"xr_tj\">Sie sich mit der Erfassung, Bearbeitung sowie Nutzung der automatisiert erhobenen Daten durch Google Inc,&nbsp;<\/span><span class=\"xr_tl\">deren Vertreter sowie Dritter einverstanden. <\/span><span class=\"xr_tl\">Die Nutzungsbedingungen von Google Maps finden sie unter: h<\/span><span class=\"xr_tj\">ttps:\/\/www.google.com\/intl\/de_de\/help\/terms_maps.html<\/span><\/p>\n<p><strong><span class=\"xr_tl xr_s5\">SSL-Verschl\u00fcsselung<\/span><\/strong><\/p>\n<p><span class=\"xr_tj\">Aus Sicherheitsgr\u00fcnden und zum Schutz der \u00dcbertragung vertraulicher Inhalte, die Sie an uns als&nbsp;<\/span><span class=\"xr_tj\">Seitenbetreiber senden, nutzt unsere Website eine SSL-Verschl\u00fcsselung. Damit sind Daten, die Sie \u00fcber diese&nbsp;<\/span><span class=\"xr_tj\">Website \u00fcbermitteln, f\u00fcr Dritte nicht mitlesbar. Sie erkennen eine verschl\u00fcsselte Verbindung an der &#8222;https:\/\/&#8220;&nbsp;<\/span><span class=\"xr_tj\">Adresszeile Ihres Browsers und am Schloss-Symbol in der Browserzeile.<\/span><\/p>\t\t\t\t\t\t\t\t<\/div>\n\t\t\t\t<\/div>\n\t\t\t\t\t<\/div>\n\t\t<\/div>\n\t\t\t\t\t<\/div>\n\t\t<\/section>\n\t\t\t\t<\/div>\n\t\t","protected":false},"excerpt":{"rendered":"<p>Datenschutzerkl\u00e4rung ZUR\u00dcCK Allgemeiner HinweisDie Nutzung unserer Webseite ist in der Regel ohne eine Angabe personenbezogener Daten m\u00f6glich. Soweit auf&nbsp;unseren Seiten personenbezogene Daten (beispielsweise Name, Anschrift oder E-Mail-Adresse) erhoben&nbsp;werden, erfolgt dies &#8211; soweit es m\u00f6glich ist- immer auf freiwilliger Basis. Wir geben Ihre Daten ohne Ihre&nbsp;ausdr\u00fcckliche Zustimmung nicht an Dritte weiter. Au\u00dferdem weisen wir Sie darauf [&hellip;]<\/p>\n","protected":false},"author":1,"featured_media":0,"parent":0,"menu_order":0,"comment_status":"closed","ping_status":"closed","template":"","meta":{"ocean_post_layout":"full-screen","ocean_both_sidebars_style":"","ocean_both_sidebars_content_width":0,"ocean_both_sidebars_sidebars_width":0,"ocean_sidebar":"0","ocean_second_sidebar":"0","ocean_disable_margins":"enable","ocean_add_body_class":"","ocean_shortcode_before_top_bar":"","ocean_shortcode_after_top_bar":"","ocean_shortcode_before_header":"","ocean_shortcode_after_header":"","ocean_has_shortcode":"","ocean_shortcode_after_title":"","ocean_shortcode_before_footer_widgets":"","ocean_shortcode_after_footer_widgets":"","ocean_shortcode_before_footer_bottom":"","ocean_shortcode_after_footer_bottom":"","ocean_display_top_bar":"off","ocean_display_header":"off","ocean_header_style":"","ocean_center_header_left_menu":"0","ocean_custom_header_template":"0","ocean_custom_logo":0,"ocean_custom_retina_logo":0,"ocean_custom_logo_max_width":0,"ocean_custom_logo_tablet_max_width":0,"ocean_custom_logo_mobile_max_width":0,"ocean_custom_logo_max_height":0,"ocean_custom_logo_tablet_max_height":0,"ocean_custom_logo_mobile_max_height":0,"ocean_header_custom_menu":"0","ocean_menu_typo_font_family":"0","ocean_menu_typo_font_subset":"","ocean_menu_typo_font_size":0,"ocean_menu_typo_font_size_tablet":0,"ocean_menu_typo_font_size_mobile":0,"ocean_menu_typo_font_size_unit":"px","ocean_menu_typo_font_weight":"","ocean_menu_typo_font_weight_tablet":"","ocean_menu_typo_font_weight_mobile":"","ocean_menu_typo_transform":"","ocean_menu_typo_transform_tablet":"","ocean_menu_typo_transform_mobile":"","ocean_menu_typo_line_height":0,"ocean_menu_typo_line_height_tablet":0,"ocean_menu_typo_line_height_mobile":0,"ocean_menu_typo_line_height_unit":"","ocean_menu_typo_spacing":0,"ocean_menu_typo_spacing_tablet":0,"ocean_menu_typo_spacing_mobile":0,"ocean_menu_typo_spacing_unit":"","ocean_menu_link_color":"","ocean_menu_link_color_hover":"","ocean_menu_link_color_active":"","ocean_menu_link_background":"","ocean_menu_link_hover_background":"","ocean_menu_link_active_background":"","ocean_menu_social_links_bg":"","ocean_menu_social_hover_links_bg":"","ocean_menu_social_links_color":"","ocean_menu_social_hover_links_color":"","ocean_disable_title":"on","ocean_disable_heading":"default","ocean_post_title":"","ocean_post_subheading":"","ocean_post_title_style":"","ocean_post_title_background_color":"","ocean_post_title_background":0,"ocean_post_title_bg_image_position":"","ocean_post_title_bg_image_attachment":"","ocean_post_title_bg_image_repeat":"","ocean_post_title_bg_image_size":"","ocean_post_title_height":0,"ocean_post_title_bg_overlay":0.5,"ocean_post_title_bg_overlay_color":"","ocean_disable_breadcrumbs":"default","ocean_breadcrumbs_color":"","ocean_breadcrumbs_separator_color":"","ocean_breadcrumbs_links_color":"","ocean_breadcrumbs_links_hover_color":"","ocean_display_footer_widgets":"default","ocean_display_footer_bottom":"off","ocean_custom_footer_template":"0","footnotes":""},"class_list":["post-1294","page","type-page","status-publish","hentry","entry"],"_links":{"self":[{"href":"https:\/\/dancevision.info\/2021\/wp-json\/wp\/v2\/pages\/1294","targetHints":{"allow":["GET"]}}],"collection":[{"href":"https:\/\/dancevision.info\/2021\/wp-json\/wp\/v2\/pages"}],"about":[{"href":"https:\/\/dancevision.info\/2021\/wp-json\/wp\/v2\/types\/page"}],"author":[{"embeddable":true,"href":"https:\/\/dancevision.info\/2021\/wp-json\/wp\/v2\/users\/1"}],"replies":[{"embeddable":true,"href":"https:\/\/dancevision.info\/2021\/wp-json\/wp\/v2\/comments?post=1294"}],"version-history":[{"count":19,"href":"https:\/\/dancevision.info\/2021\/wp-json\/wp\/v2\/pages\/1294\/revisions"}],"predecessor-version":[{"id":2886,"href":"https:\/\/dancevision.info\/2021\/wp-json\/wp\/v2\/pages\/1294\/revisions\/2886"}],"wp:attachment":[{"href":"https:\/\/dancevision.info\/2021\/wp-json\/wp\/v2\/media?parent=1294"}],"curies":[{"name":"wp","href":"https:\/\/api.w.org\/{rel}","templated":true}]}}