{"id":1303,"date":"2020-12-06T12:35:01","date_gmt":"2020-12-06T11:35:01","guid":{"rendered":"http:\/\/dancevision.info\/2021\/?page_id=1303"},"modified":"2025-09-17T16:29:48","modified_gmt":"2025-09-17T14:29:48","slug":"impressum","status":"publish","type":"page","link":"https:\/\/dancevision.info\/2021\/impressum\/","title":{"rendered":"impressum"},"content":{"rendered":"\t\t<div data-elementor-type=\"wp-page\" data-elementor-id=\"1303\" class=\"elementor elementor-1303\" data-elementor-post-type=\"page\">\n\t\t\t\t\t\t<section class=\"elementor-section elementor-top-section elementor-element elementor-element-15b081e3 elementor-section-height-min-height elementor-section-boxed elementor-section-height-default elementor-section-items-middle\" data-id=\"15b081e3\" data-element_type=\"section\" data-e-type=\"section\" data-settings=\"{&quot;background_background&quot;:&quot;classic&quot;,&quot;sticky&quot;:&quot;top&quot;,&quot;sticky_on&quot;:[&quot;desktop&quot;,&quot;tablet&quot;,&quot;mobile&quot;],&quot;sticky_offset&quot;:0,&quot;sticky_effects_offset&quot;:0,&quot;sticky_anchor_link_offset&quot;:0}\">\n\t\t\t\t\t\t<div class=\"elementor-container elementor-column-gap-default\">\n\t\t\t\t\t<div class=\"elementor-column elementor-col-50 elementor-top-column elementor-element elementor-element-919e5b2\" data-id=\"919e5b2\" data-element_type=\"column\" data-e-type=\"column\">\n\t\t\t<div class=\"elementor-widget-wrap elementor-element-populated\">\n\t\t\t\t\t\t<div class=\"elementor-element elementor-element-832c25b elementor-align-right elementor-mobile-align-right elementor-widget elementor-widget-button\" data-id=\"832c25b\" data-element_type=\"widget\" data-e-type=\"widget\" data-widget_type=\"button.default\">\n\t\t\t\t<div class=\"elementor-widget-container\">\n\t\t\t\t\t\t\t\t\t<div class=\"elementor-button-wrapper\">\n\t\t\t\t\t<a class=\"elementor-button elementor-button-link elementor-size-sm\" href=\"https:\/\/dancevision.info\/2021\/\">\n\t\t\t\t\t\t<span class=\"elementor-button-content-wrapper\">\n\t\t\t\t\t\t\t\t\t<span class=\"elementor-button-text\">Impressum<\/span>\n\t\t\t\t\t<\/span>\n\t\t\t\t\t<\/a>\n\t\t\t\t<\/div>\n\t\t\t\t\t\t\t\t<\/div>\n\t\t\t\t<\/div>\n\t\t\t\t\t<\/div>\n\t\t<\/div>\n\t\t\t\t<div class=\"elementor-column elementor-col-50 elementor-top-column elementor-element elementor-element-afb0c9b\" data-id=\"afb0c9b\" data-element_type=\"column\" data-e-type=\"column\">\n\t\t\t<div class=\"elementor-widget-wrap elementor-element-populated\">\n\t\t\t\t\t\t<div class=\"elementor-element elementor-element-2a6587f elementor-align-right elementor-widget elementor-widget-button\" data-id=\"2a6587f\" data-element_type=\"widget\" data-e-type=\"widget\" data-widget_type=\"button.default\">\n\t\t\t\t<div class=\"elementor-widget-container\">\n\t\t\t\t\t\t\t\t\t<div class=\"elementor-button-wrapper\">\n\t\t\t\t\t<a class=\"elementor-button elementor-button-link elementor-size-sm\" href=\"https:\/\/dancevision.info\/2021\/\">\n\t\t\t\t\t\t<span class=\"elementor-button-content-wrapper\">\n\t\t\t\t\t\t<span class=\"elementor-button-icon\">\n\t\t\t\t<i aria-hidden=\"true\" class=\"fas fa-arrow-right\"><\/i>\t\t\t<\/span>\n\t\t\t\t\t\t\t\t\t<span class=\"elementor-button-text\">ZUR\u00dcCK <\/span>\n\t\t\t\t\t<\/span>\n\t\t\t\t\t<\/a>\n\t\t\t\t<\/div>\n\t\t\t\t\t\t\t\t<\/div>\n\t\t\t\t<\/div>\n\t\t\t\t\t<\/div>\n\t\t<\/div>\n\t\t\t\t\t<\/div>\n\t\t<\/section>\n\t\t\t\t<section class=\"elementor-section elementor-top-section elementor-element elementor-element-5ec2237 elementor-section-boxed elementor-section-height-default elementor-section-height-default\" data-id=\"5ec2237\" data-element_type=\"section\" data-e-type=\"section\">\n\t\t\t\t\t\t<div class=\"elementor-container elementor-column-gap-default\">\n\t\t\t\t\t<div class=\"elementor-column elementor-col-100 elementor-top-column elementor-element elementor-element-c43eed5\" data-id=\"c43eed5\" data-element_type=\"column\" data-e-type=\"column\">\n\t\t\t<div class=\"elementor-widget-wrap elementor-element-populated\">\n\t\t\t\t\t\t<div class=\"elementor-element elementor-element-7589cdd elementor-widget elementor-widget-spacer\" data-id=\"7589cdd\" data-element_type=\"widget\" data-e-type=\"widget\" data-widget_type=\"spacer.default\">\n\t\t\t\t<div class=\"elementor-widget-container\">\n\t\t\t\t\t\t\t<div class=\"elementor-spacer\">\n\t\t\t<div class=\"elementor-spacer-inner\"><\/div>\n\t\t<\/div>\n\t\t\t\t\t\t<\/div>\n\t\t\t\t<\/div>\n\t\t\t\t\t<\/div>\n\t\t<\/div>\n\t\t\t\t\t<\/div>\n\t\t<\/section>\n\t\t\t\t<section class=\"elementor-section elementor-top-section elementor-element elementor-element-3716403 elementor-section-boxed elementor-section-height-default elementor-section-height-default\" data-id=\"3716403\" data-element_type=\"section\" data-e-type=\"section\">\n\t\t\t\t\t\t<div class=\"elementor-container elementor-column-gap-default\">\n\t\t\t\t\t<div class=\"elementor-column elementor-col-100 elementor-top-column elementor-element elementor-element-cbd9feb\" data-id=\"cbd9feb\" data-element_type=\"column\" data-e-type=\"column\">\n\t\t\t<div class=\"elementor-widget-wrap elementor-element-populated\">\n\t\t\t\t\t\t<section class=\"elementor-section elementor-inner-section elementor-element elementor-element-772d3aa elementor-section-boxed elementor-section-height-default elementor-section-height-default\" data-id=\"772d3aa\" data-element_type=\"section\" data-e-type=\"section\">\n\t\t\t\t\t\t<div class=\"elementor-container elementor-column-gap-default\">\n\t\t\t\t\t<div class=\"elementor-column elementor-col-100 elementor-inner-column elementor-element elementor-element-0cd7b69\" data-id=\"0cd7b69\" data-element_type=\"column\" data-e-type=\"column\">\n\t\t\t<div class=\"elementor-widget-wrap elementor-element-populated\">\n\t\t\t\t\t\t<div class=\"elementor-element elementor-element-3bde69a elementor-widget elementor-widget-text-editor\" data-id=\"3bde69a\" data-element_type=\"widget\" data-e-type=\"widget\" data-widget_type=\"text-editor.default\">\n\t\t\t\t<div class=\"elementor-widget-container\">\n\t\t\t\t\t\t\t\t\t<h2><span style=\"color: #ffffff;\">Angaben gem\u00e4\u00df \u00a7 5 TMG:<\/span><\/h2>\n<p><span style=\"font-variant-ligatures: normal; font-variant-caps: normal; font-family: Sen, sans-serif; font-size: 14px; font-style: normal; font-weight: 600;\">T\u00e4nzervereinigung Dance Vision Durlach e. V.<br><\/span><span style=\"font-family: Sen, sans-serif; font-size: 14px; font-style: normal; font-variant-ligatures: normal; font-variant-caps: normal; font-weight: 400; letter-spacing: 0px;\">Pfinztalstr. 94<br><\/span><span style=\"font-family: Sen, sans-serif; font-size: 14px; font-style: normal; font-variant-ligatures: normal; font-variant-caps: normal; font-weight: 400; letter-spacing: 0px;\">76227 Karlsruhe<\/span><\/p>\n<p><span style=\"font-size: 20px; letter-spacing: 0px;\">Vertreten durch:<\/span><\/p>\n<p><span style=\"font-size: 14px; letter-spacing: 0px;\">Den Vorstand<br><\/span><span style=\"font-size: 14px; letter-spacing: 0px;\">Nelly Kra\u00dfnitzer<br>Cezayir Can<br>Johannes Riesterer<\/span><\/p>\n<p><span style=\"font-size: 20px; letter-spacing: 0px;\">Kontakt:<\/span><\/p>\n<p><span style=\"color: #ffffff;\">Telefon: +49(0)721 &#8211;&nbsp;<\/span>791 898 07<br><span style=\"color: #ffffff;\">E-Mail:&nbsp;<\/span><a style=\"font-size: 14px; letter-spacing: 0px; background-color: #0a0a0a;\" href=\"mailto:info@dancevisionverein.de\">info@dancevisionverein.de<\/a><\/p>\n<div><span style=\"font-size: 20px; letter-spacing: 0px;\">Registereintrag:<\/span><\/div>\n<p><span style=\"color: #ffffff;\">Eintragung im Vereinsregister.<\/span><br><span style=\"color: #ffffff;\">Registergericht: Amtsgericht Mannheim<\/span><br><span style=\"color: #ffffff;\">Registernummer: VR 702669<\/span><\/p>\t\t\t\t\t\t\t\t<\/div>\n\t\t\t\t<\/div>\n\t\t\t\t<div class=\"elementor-element elementor-element-c82e183 elementor-widget elementor-widget-text-editor\" data-id=\"c82e183\" data-element_type=\"widget\" data-e-type=\"widget\" data-widget_type=\"text-editor.default\">\n\t\t\t\t<div class=\"elementor-widget-container\">\n\t\t\t\t\t\t\t\t\t<p style=\"text-align: left;\"><strong><span class=\"xr_tl\"><span class=\"xr_s31\">Rechtliche Hinweise<\/span><\/span><\/strong><\/p><p style=\"text-align: left;\"><span class=\"xr_tj xr_s4\">Mit dem Urteil vom 12. Mai 1998 &#8211; 312 O 85\/98 &#8211; &#8222;Haftung f\u00fcr Links&#8220; &#8211; hat das Landgericht Hamburg\u00a0<\/span><span class=\"xr_tl xr_s4\">entschieden, dass man durch die Anbringung eines Links, die Inhalte der gelinkten Seite ggf. mit zu <\/span><span class=\"xr_tj xr_s4\">verantworten hat. Dies kann nur dadurch verhindert werden, dass man sich ausdr\u00fccklich von diesen\u00a0<\/span><span class=\"xr_tj xr_s4\">Inhalten distanziert:<\/span><\/p><p style=\"text-align: left;\"><span class=\"xr_tj xr_s4\">Hiermit distanzieren wir uns ausdr\u00fccklich von allen Inhalten aller verlinkten Seiten und machen uns\u00a0<\/span><span class=\"xr_tj xr_s4\">diese Inhalte nicht zu eigen. Diese Erkl\u00e4rung gilt f\u00fcr alle auf dieser Homepage ver\u00f6ffentlichen Links zu <\/span><span class=\"xr_tj xr_s4\">www.dancevision.info fremden Inhalten. Sollten Sie mit dem Inhalt einer der verlinkten URLs nicht\u00a0<\/span><span class=\"xr_tj xr_s4\">einverstanden sein, dann bitten wir Sie, diese nicht zu \u00f6ffnen und uns umgehend zu informieren, damit\u00a0<\/span><span class=\"xr_tl xr_s4\">wir diesen Link erneut \u00fcberpr\u00fcfen und gegebenenfalls entfernen k\u00f6nnen.<\/span><\/p><p style=\"text-align: left;\"><span class=\"xr_tl xr_s31\">Urheberrecht: <\/span><span class=\"xr_tl xr_s4\"><span class=\"xr_s4\">Copyright 2005 &#8211; 2021 www.dancevision.info<\/span><\/span><\/p><p style=\"text-align: left;\"><span class=\"xr_tl xr_s4\">Alle Rechte vorbehalten. Alle Texte, Bilder, Graphiken, Ton-, Video- und Animationsdateien sowie ihre <\/span><span class=\"xr_tl xr_s4\">Arrangements unterliegen dem Urheberrecht und anderen Gesetzen zum Schutz geistigen Eigentums.<\/span><span class=\"xr_tj xr_s4\">Sie d\u00fcrfen weder f\u00fcr Handelszwecke oder zur Weitergabe kopiert, noch ver\u00e4ndert und auf anderen\u00a0<\/span><span class=\"xr_tj xr_s4\">Web-Sites verwendet werden. Einige www.dancevision.info Webseiten enthalten auch Bilder, die dem\u00a0<\/span><span class=\"xr_tl xr_s4\">Urheberrecht derjenigen unterliegen, die diese zur Verf\u00fcgung gestellt haben. <\/span><\/p><p style=\"text-align: left;\"><span class=\"xr_tl xr_s11\"><span class=\"xr_s31\">Gew\u00e4hrleistung: <\/span><\/span><span class=\"xr_tj xr_s4\">www.dancevision.info stellt die Informationen ohne jegliche Zusicherung oder Gew\u00e4hrleistung jedweder\u00a0<\/span><span class=\"xr_tj xr_s4\">Art, sei sie ausdr\u00fccklich oder stillschweigend, zur Verf\u00fcgung. Ausgeschlossen sind ebenfalls alle\u00a0<\/span><span class=\"xr_tj xr_s4\">stillschweigenden Gew\u00e4hrleistungen betreffend die Handelsf\u00e4higkeit, die Eignung f\u00fcr bestimmte Zwecke\u00a0<\/span><span class=\"xr_tj xr_s4\">oder den Nichtversto\u00df gegen Gesetze und Patente. Auch wenn wir davon ausgehen, dass die von uns\u00a0<\/span><span class=\"xr_tl xr_s4\">gegebenen Informationen zutreffend sind, k\u00f6nnen sie dennoch Fehler oder Ungenauigkeiten enthalten.<\/span><\/p>\t\t\t\t\t\t\t\t<\/div>\n\t\t\t\t<\/div>\n\t\t\t\t\t<\/div>\n\t\t<\/div>\n\t\t\t\t\t<\/div>\n\t\t<\/section>\n\t\t\t\t\t<\/div>\n\t\t<\/div>\n\t\t\t\t\t<\/div>\n\t\t<\/section>\n\t\t\t\t<\/div>\n\t\t","protected":false},"excerpt":{"rendered":"<p>Impressum ZUR\u00dcCK Angaben gem\u00e4\u00df \u00a7 5 TMG: T\u00e4nzervereinigung Dance Vision Durlach e. V.Pfinztalstr. 9476227 Karlsruhe Vertreten durch: Den VorstandNelly Kra\u00dfnitzerCezayir CanJohannes Riesterer Kontakt: Telefon: +49(0)721 &#8211;&nbsp;791 898 07E-Mail:&nbsp;info@dancevisionverein.de Registereintrag: Eintragung im Vereinsregister.Registergericht: Amtsgericht MannheimRegisternummer: VR 702669 Rechtliche Hinweise Mit dem Urteil vom 12. Mai 1998 &#8211; 312 O 85\/98 &#8211; &#8222;Haftung f\u00fcr Links&#8220; &#8211; hat [&hellip;]<\/p>\n","protected":false},"author":1,"featured_media":0,"parent":0,"menu_order":0,"comment_status":"closed","ping_status":"closed","template":"","meta":{"ocean_post_layout":"full-screen","ocean_both_sidebars_style":"","ocean_both_sidebars_content_width":0,"ocean_both_sidebars_sidebars_width":0,"ocean_sidebar":"0","ocean_second_sidebar":"0","ocean_disable_margins":"enable","ocean_add_body_class":"","ocean_shortcode_before_top_bar":"","ocean_shortcode_after_top_bar":"","ocean_shortcode_before_header":"","ocean_shortcode_after_header":"","ocean_has_shortcode":"","ocean_shortcode_after_title":"","ocean_shortcode_before_footer_widgets":"","ocean_shortcode_after_footer_widgets":"","ocean_shortcode_before_footer_bottom":"","ocean_shortcode_after_footer_bottom":"","ocean_display_top_bar":"off","ocean_display_header":"off","ocean_header_style":"","ocean_center_header_left_menu":"0","ocean_custom_header_template":"0","ocean_custom_logo":0,"ocean_custom_retina_logo":0,"ocean_custom_logo_max_width":0,"ocean_custom_logo_tablet_max_width":0,"ocean_custom_logo_mobile_max_width":0,"ocean_custom_logo_max_height":0,"ocean_custom_logo_tablet_max_height":0,"ocean_custom_logo_mobile_max_height":0,"ocean_header_custom_menu":"0","ocean_menu_typo_font_family":"0","ocean_menu_typo_font_subset":"","ocean_menu_typo_font_size":0,"ocean_menu_typo_font_size_tablet":0,"ocean_menu_typo_font_size_mobile":0,"ocean_menu_typo_font_size_unit":"px","ocean_menu_typo_font_weight":"","ocean_menu_typo_font_weight_tablet":"","ocean_menu_typo_font_weight_mobile":"","ocean_menu_typo_transform":"","ocean_menu_typo_transform_tablet":"","ocean_menu_typo_transform_mobile":"","ocean_menu_typo_line_height":0,"ocean_menu_typo_line_height_tablet":0,"ocean_menu_typo_line_height_mobile":0,"ocean_menu_typo_line_height_unit":"","ocean_menu_typo_spacing":0,"ocean_menu_typo_spacing_tablet":0,"ocean_menu_typo_spacing_mobile":0,"ocean_menu_typo_spacing_unit":"","ocean_menu_link_color":"","ocean_menu_link_color_hover":"","ocean_menu_link_color_active":"","ocean_menu_link_background":"","ocean_menu_link_hover_background":"","ocean_menu_link_active_background":"","ocean_menu_social_links_bg":"","ocean_menu_social_hover_links_bg":"","ocean_menu_social_links_color":"","ocean_menu_social_hover_links_color":"","ocean_disable_title":"on","ocean_disable_heading":"default","ocean_post_title":"","ocean_post_subheading":"","ocean_post_title_style":"","ocean_post_title_background_color":"","ocean_post_title_background":0,"ocean_post_title_bg_image_position":"","ocean_post_title_bg_image_attachment":"","ocean_post_title_bg_image_repeat":"","ocean_post_title_bg_image_size":"","ocean_post_title_height":0,"ocean_post_title_bg_overlay":0.5,"ocean_post_title_bg_overlay_color":"","ocean_disable_breadcrumbs":"default","ocean_breadcrumbs_color":"","ocean_breadcrumbs_separator_color":"","ocean_breadcrumbs_links_color":"","ocean_breadcrumbs_links_hover_color":"","ocean_display_footer_widgets":"default","ocean_display_footer_bottom":"off","ocean_custom_footer_template":"0","footnotes":""},"class_list":["post-1303","page","type-page","status-publish","hentry","entry"],"_links":{"self":[{"href":"https:\/\/dancevision.info\/2021\/wp-json\/wp\/v2\/pages\/1303","targetHints":{"allow":["GET"]}}],"collection":[{"href":"https:\/\/dancevision.info\/2021\/wp-json\/wp\/v2\/pages"}],"about":[{"href":"https:\/\/dancevision.info\/2021\/wp-json\/wp\/v2\/types\/page"}],"author":[{"embeddable":true,"href":"https:\/\/dancevision.info\/2021\/wp-json\/wp\/v2\/users\/1"}],"replies":[{"embeddable":true,"href":"https:\/\/dancevision.info\/2021\/wp-json\/wp\/v2\/comments?post=1303"}],"version-history":[{"count":31,"href":"https:\/\/dancevision.info\/2021\/wp-json\/wp\/v2\/pages\/1303\/revisions"}],"predecessor-version":[{"id":2920,"href":"https:\/\/dancevision.info\/2021\/wp-json\/wp\/v2\/pages\/1303\/revisions\/2920"}],"wp:attachment":[{"href":"https:\/\/dancevision.info\/2021\/wp-json\/wp\/v2\/media?parent=1303"}],"curies":[{"name":"wp","href":"https:\/\/api.w.org\/{rel}","templated":true}]}}